{"id":31,"date":"2016-06-28T08:10:15","date_gmt":"2016-06-28T08:10:15","guid":{"rendered":"http:\/\/localhost\/adinfo\/?page_id=31"},"modified":"2016-06-29T13:06:35","modified_gmt":"2016-06-29T13:06:35","slug":"kontakt","status":"publish","type":"page","link":"https:\/\/www.ad-info.hr\/?page_id=31","title":{"rendered":"Kontakt"},"content":{"rendered":"<div class=\"row\">\n<div class=\"columns medium-3\"><img loading=\"lazy\" decoding=\"async\" class=\"size-full wp-image-8 alignleft\" src=\"http:\/\/localhost\/adinfo\/wp-content\/uploads\/2016\/06\/logo-adinfo.png\" alt=\"logo-adinfo\" width=\"200\" height=\"174\" \/><\/div>\n<div class=\"columns medium-9\"><img decoding=\"async\" class=\"alignnone wp-image-80 size-medium\" src=\"http:\/\/localhost\/adinfo\/wp-content\/uploads\/2016\/06\/karta_ad_info-300x155.jpg\" width=\"300\" srcset=\"https:\/\/www.ad-info.hr\/wp-content\/uploads\/2016\/06\/karta_ad_info-300x155.jpg 300w, https:\/\/www.ad-info.hr\/wp-content\/uploads\/2016\/06\/karta_ad_info-768x397.jpg 768w, https:\/\/www.ad-info.hr\/wp-content\/uploads\/2016\/06\/karta_ad_info-1024x529.jpg 1024w, https:\/\/www.ad-info.hr\/wp-content\/uploads\/2016\/06\/karta_ad_info.jpg 1238w\" sizes=\"(max-width: 300px) 100vw, 300px\" \/><\/div>\n<\/div>\n<p>&nbsp;<\/p>\n<div class=\"row\">\n<div class=\"columns medium-3\"><\/div>\n<div class=\"columns medium-3\"><strong>Radno vrijeme:<\/strong><br \/>\nradnim danom od 8 do 16 sati<br \/>\nsubotom i nedjeljom ne radimo.<\/div>\n<div class=\"columns medium-3\">\n<strong>Radno vrijeme za na\u0161e postoje\u010de korisnike pod odr\u017eavanjem (hitna intervencija-servis):<\/strong><br \/>\nRadnim danom, subotom i nedjeljom od 0 do 24 sati.<\/div>\n<div class=\"columns medium-3\"><strong>RA\u010cUNOVODSTVENI ODJEL<\/strong><br \/>\n<a href=\"mailto:knjigovodstvo@ad-info.hr\">knjigovodstvo@ad-info.hr<\/a><br \/>\nTel: 01\/6230-668<br \/>\nFax: 01\/6230-699<br \/>\nMob.: 091\/6230-668<\/div>\n<div class=\"columns medium-3\"><strong>SERVIS, KORISNI\u010cKA PODR\u0160KA<\/strong><br \/>\n<a href=\"mailto:servis@ad-info.hr\">servis@ad-info.hr<\/a><br \/>\n091\/6230-670<br \/>\n091\/6230-667<br \/>\n091\/6230-680<\/div>\n<\/div>\n<p style=\"padding-left: 210px;\">\r\n    <!-- START JS for Form ID: 29 -->\r\n\t<script type=\"text\/javascript\">\r\n\t\tjQuery(document).ready(function($) {\r\n\t\t\t\r\n\t\tjQuery(\"#preloader-qrbwvy\").fadeOut(500, function () {\r\n\t\t\tjQuery(\"#ecf-form-qrbwvy\").fadeIn(300);\r\n\t\t\t});\r\n\t\t\t\r\n\t\t\tLadda.bind('.ladda-button');\r\n\r\n\t\t\t$(function() {\r\n\t\t\t\t\r\n\t\t\t\t\t\t\r\n\t\t\t\t\/\/ Validation\r\n\t\t\t\t$(\"#form-qrbwvy\").validate(\r\n\t\t\t\t{\t\t\t\t\t\r\n\t\t\t\t\t\/\/ Rules for form validation\r\n\t\t\t\t\trules:\r\n\t\t\t\t\t{\r\n\t\t\t\t\tname0:{required: true},email1:{required: true,email: true},text2:{required: true},message3:{required: true,minlength: 10},\r\n\t\t\t\t\t\t\t\r\n\t\t\t\t\t\t\t\t\t\r\n\t\t\t\t\t},\r\n\t\t\t\t\t\t\t\t\t\t\r\n\t\t\t\t\t\/\/ Messages for form validation\r\n\t\t\t\t\tmessages:\r\n\t\t\t\t\t{\r\n\t\t\t\t\tname0:{required: \"Ovo polje je obavezno\"},email1:{required: \"Ovo polje je obavezno\"},text2:{required: \"Ovo polje je obavezno\"},message3:{required: \"Ovo polje je obavezno\"}\t\t\t\t\t},\t\t\t\t\t\r\n\t\t\t\t\t\/\/ Do not change code below\r\n\t\t\t\t\terrorPlacement: function(error, element) {\r\n\t\t\t\t\t\terror.insertAfter(element.parent());\r\n\t\t\t\t\t\t},\r\n\t\t\t\t\t\t\r\n\t\t\t\t\tsubmitHandler: function (form) {\r\n\t\t\t\t\t\t\t\t\t\t ecf_onsubmit(jQuery('.form-qrbwvy'));\r\n\t\t\t\t\t\t \r\n\t\t\t\t\t\t \t\t\t\t\t\t \r\n\t\t\t\t\t\t },\r\n\t\t\t\t\t\t \r\n\t\t\t\t\tinvalidHandler: function (form) {\t\r\n\t\t\t\t\t\tLadda.stopAll();\r\n\t\t\t\t\t \t},\r\n\t\t\t\t\t\t \r\n\t\t\t\t\tonkeyup: false,\r\n\t\t\t\t\tonfocusout: false,\r\n\t\t\t\t\tonclick: false\r\n\t\t\t\t\t\r\n\t\t\t\t});\r\n\t\t\t});\t\r\n\t\t\t\r\n\t\t\t\r\n\t\t\t\/* Form Submit ( Ajax ) *\/\r\n\t\t\tfunction ecf_onsubmit(form){\t\r\n\r\n\t\t\t\tif(form.attr('action')=='#'){\r\n\t\t\t\t\t\r\n\t\t\t\t\tdata = {};\r\n\t\t\t\t\teldat = [];\r\n\t\t\t\t\tdata['action'] = 'ecf_deliver_mail';\r\n\t\t\t\t\tdata['formid'] = '29';\r\n\t\t\t\t\tdata['security'] = 'f04fd59d25';\r\n\t\t\r\n\t\t\r\n\t\t\t\t\t\t\r\n\t\t\t\t\tjQuery('input, textarea', form).each(function(key){\r\n\t\t\t\t\t\t\r\n\t\t\t\t\t\titems = {};\r\n\t\t\t\t\t\t\r\n\t\t\t\t\t\tif (typeof $(this).data('type') === 'undefined') { return true; }\r\n\t\t\t\t\t\t\r\n\r\n\t\t\t\t\t\t\r\n\t\t\t\t\t\titems['type'] = $(this).data('type');\r\n\t\t\t\t\t\titems['label'] = $(this).data('label');\r\n\t\t\t\t\t\titems['value'] = this.value;\r\n\t\t\t\t\t\titems['name'] = this.name;\r\n\r\n\t\t\t\t\t\teldat.push(items);\r\n\t\t\t\t\t\t\t\r\n\t\t\t\t\t\t}); \/\/ END  form).each(function(key){\r\n\t\t\t\t\t\t\t\r\n\r\n\t\t\t\t\t\t\t\t\t\t\t\t\t\r\n\r\n\t\t\t\t\t\tdata['allelmnt'] = JSON.stringify(eldat);\r\n\r\n\t\t\t\t\t\tsubmitForm();\r\n\t\t\t\t\r\n\t\t\t\t\treturn false;\r\n\t\t\t\t\t\r\n\t\t\t\t} \/\/ End if(form.attr('action')=='#'){\r\n\t\t\t\t\r\n\t\t\t} \/\/ End ecf_onsubmit \r\n\t\t\t\r\n\t\t\t\/\/ Start submitForm\t\t\r\n\t\t\t  function submitForm() {\r\n\t\t\t\t  \r\n\t\t\t\tjQuery.ajax({\r\n\t\t\t\t\turl: 'https:\/\/www.ad-info.hr\/wp-admin\/admin-ajax.php', \r\n\t\t\t\t\ttype: 'POST',\r\n\t\t\t\t\tdataType: 'json',\r\n\t\t\t\t\tdata: data, \r\n\t\t\t\t\tsuccess: function(data) {\r\n\t\t\t\t\r\n\t\t\t\t\t\tif(data.Ok==true) {\r\n\t\t\t\t\t\t\t\t\t\/\/ success\r\n\t\t\t\t\t\t\t$(\"#form-qrbwvy\").get(0).reset();\t\r\n\t\t\t\t\t\t\t\t\r\n\t\t\t\t\t\t\tif(data.msg == 'redirect') {\r\n\t\t\t\t\t\t\t\twindow.location = \"http:\/\/www.ad-info.hr\";\r\n\t\t\t\t\t\t\t\t} else {\r\n\t\t\t\t\t\t\t\t\tnotifyme('Va\u0161a poruka je uspije\u0161no poslana', 'n', 'success', 'left middle');\r\n\t\t\t\t\t\t\t\t\t}\r\n\t\t\r\n\t\t\t\t\t\t\t}\r\n\t\t\t\t\t\t\telse {\r\n\t\t\t\t\t\t\t\t$(\"#form-qrbwvy\").get(0).reset();\r\n\t\t\t\t\t\t\t\tnotifyme(data.msg, 'n', 'error', 'left middle');\r\n\t\t\t\t\t\t\t\t}\r\n\t\t\t\t\t\t\t\t\r\n\t\t\t\t\t\t\tLadda.stopAll();\r\n\t\t\t\t\t\t\t\t\t\r\n\t\t\t\t\t\t\t}\r\n\t\t\t\t\t\t});\r\n\t\t\t\t\t\t\r\n\t\t\t\t\t\t\t\t\t\t\r\n\t\t\t\t\t} \/\/ End submitForm\r\n\t\r\n\t\t\t\t\t\r\n\t\t\t\/\/ Notify\t\r\n\t\t\t  function notifyme(msg, b, typ, pos) {\r\n\t\t\t\t  if (b == 'n') {\r\n\t\t\t\t\t  b = 'cf-submittedqrbwvy';\r\n\t\t\t\t  } else {\r\n\t\t\t\t\t b = 'atcqrbwvy';\r\n\t\t\t\t  }\r\n\t\t\t\t  \r\n\t\t\t\t  $(\"#\"+b).gnotify(msg,{\r\n\t\t\t\t\t  style: \"nbootstrap\",\r\n\t\t\t\t\t  elementPosition: pos,\r\n\t\t\t\t\t  className: typ\r\n\t\t\t\t\t  });\r\n\t\t\t\t\t  \r\n\t\t\t\t\t  msg = null;\r\n\t\t\t\t\t  typ = null;\r\n\t\t\t\t\t  \r\n\t\t\t\t\t}\r\n\r\n\t\t});\t\t\r\n\t\t<\/script>\r\n    <!-- END JS for Form ID: 29 -->\r\n    \r\n    \r\n    \t\r\n    \r\n<!-- START Form Markup for Form ID: 29 -->\r\n<div id=\"preloader-qrbwvy\" class=\"ecfpreloader\"><\/div>   \r\n    <div id=\"ecf-form-qrbwvy\" class=\"ecf-body\" style=\"display:none;\">\t\t\t\t\t\r\n\t\t<form method=\"post\" enctype=\"multipart\/form-data\" action=\"#\" id=\"form-qrbwvy\" class=\"ecf-form form-qrbwvy\">\r\n        \t<header>Kontakt forma<\/header>    \t\t<fieldset>\t\r\n    <section><label class=\"label\">Ime i prezime<\/label><label class=\"input\"><input data-type=\"name\" data-label=\"Ime i prezime\" id=\"name0\" type=\"text\" name=\"name0\" \/><\/label><\/section><section><label class=\"label\">Email<\/label><label class=\"input\"><input data-type=\"email\" data-label=\"Email\" id=\"email1\" type=\"text\" name=\"email1\" \/><\/label><\/section><section><label class=\"label\">Naslov poruke<\/label><label class=\"input\"><input data-type=\"text\" data-label=\"Naslov poruke\" id=\"text2\" type=\"text\" name=\"text2\" \/><\/label><\/section><section><label class=\"label\">Poruka<\/label><label class=\"textarea\"><textarea data-type=\"message\" data-label=\"Poruka\" id=\"message3\" name=\"message3\" rows=\"7\" ><\/textarea><\/label><\/section>      \r\n        \r\n\t\t\t\t        \r\n         \r\n       \t\t <\/fieldset>\r\n        \t\t<footer>\r\n                    <button data-style=\"slide-down\" id=\"cf-submittedqrbwvy\" class=\"ecfbutton ladda-button\" type=\"submit\" name=\"cf-submittedqrbwvy\"><span class=\"ladda-label\">SEND<\/span><\/button> \r\n\t\t\t\t<\/footer>\r\n\t\t\t<\/form>\r\n            \r\n                        \r\n            <\/div>  \r\n<!-- END Form Markup for Form ID: 29 -->\r\n\t\t\t\r\n\t\r\n<\/p>\n","protected":false},"excerpt":{"rendered":"<p>&nbsp; Radno vrijeme: radnim danom od 8 do 16 sati subotom i nedjeljom ne radimo. Radno vrijeme za na\u0161e postoje\u010de korisnike pod odr\u017eavanjem (hitna intervencija-servis): Radnim danom, subotom i nedjeljom od 0 do 24 sati. RA\u010cUNOVODSTVENI ODJEL knjigovodstvo@ad-info.hr Tel: 01\/6230-668 Fax: 01\/6230-699 Mob.: 091\/6230-668 SERVIS, KORISNI\u010cKA PODR\u0160KA servis@ad-info.hr 091\/6230-670 091\/6230-667 091\/6230-680<\/p>\n","protected":false},"author":1,"featured_media":0,"parent":0,"menu_order":0,"comment_status":"closed","ping_status":"closed","template":"fullpage.php","meta":{"footnotes":""},"class_list":["post-31","page","type-page","status-publish","hentry"],"_links":{"self":[{"href":"https:\/\/www.ad-info.hr\/index.php?rest_route=\/wp\/v2\/pages\/31","targetHints":{"allow":["GET"]}}],"collection":[{"href":"https:\/\/www.ad-info.hr\/index.php?rest_route=\/wp\/v2\/pages"}],"about":[{"href":"https:\/\/www.ad-info.hr\/index.php?rest_route=\/wp\/v2\/types\/page"}],"author":[{"embeddable":true,"href":"https:\/\/www.ad-info.hr\/index.php?rest_route=\/wp\/v2\/users\/1"}],"replies":[{"embeddable":true,"href":"https:\/\/www.ad-info.hr\/index.php?rest_route=%2Fwp%2Fv2%2Fcomments&post=31"}],"version-history":[{"count":23,"href":"https:\/\/www.ad-info.hr\/index.php?rest_route=\/wp\/v2\/pages\/31\/revisions"}],"predecessor-version":[{"id":102,"href":"https:\/\/www.ad-info.hr\/index.php?rest_route=\/wp\/v2\/pages\/31\/revisions\/102"}],"wp:attachment":[{"href":"https:\/\/www.ad-info.hr\/index.php?rest_route=%2Fwp%2Fv2%2Fmedia&parent=31"}],"curies":[{"name":"wp","href":"https:\/\/api.w.org\/{rel}","templated":true}]}}